{"id":111,"date":"2023-11-28T15:54:05","date_gmt":"2023-11-28T20:54:05","guid":{"rendered":"http:\/\/192.168.10.9\/?page_id=111"},"modified":"2024-05-21T14:37:57","modified_gmt":"2024-05-21T19:37:57","slug":"politica-hseq","status":"publish","type":"page","link":"https:\/\/puentesycarreteras.com\/index.php\/politica-hseq\/","title":{"rendered":"Pol\u00edtica HSEQ"},"content":{"rendered":"\n<hr class=\"wp-block-separator has-alpha-channel-opacity\"\/>\n\n\n\n<div class=\"wp-block-group is-vertical is-layout-flex wp-container-core-group-is-layout-8cf370e7 wp-block-group-is-layout-flex\">\n<p style=\"text-align: justify;\">PUENTES Y CARRETERAS, dedicada a la construcci\u00f3n y mantenimiento de obras civiles, es responsable y est\u00e1 comprometida desde su direcci\u00f3n, y con su equipo de trabajo incluidos trabajadores y subcontratistas a:<\/p>\n<\/div>\n\n\n\n<ul class=\"wp-block-list\">\n<li>Cumplir los requisitos contractuales, legales asociados y otros compromisos que se adquieran.<\/li>\n\n\n\n<li>Satisfacer a nuestros clientes y dem\u00e1s partes interesadas.<\/li>\n\n\n\n<li>Mantener la salud y el bienestar f\u00edsico, mental y social de nuestros trabajadores, subcontratistas y dem\u00e1s partes interesadas, as\u00ed como su seguridad, para prevenir accidentes o enfermedades laborales.<\/li>\n\n\n\n<li>Hacer uso racional y adecuado de los recursos, preservar el medio ambiente y fomentar la responsabilidad social.<\/li>\n\n\n\n<li>Fomentar la consulta y participaci\u00f3n de los trabajadores.<\/li>\n<\/ul>\n\n\n<p>Para ello se suministrar\u00e1n los recursos f\u00edsicos, humanos y econ\u00f3micos necesarios, que permitan dar cubrimiento a todas las partes interesadas, para:<\/p>\n\n\n<ul class=\"wp-block-list\">\n<li>Garantizar la ejecuci\u00f3n y el mejoramiento continuo de nuestro sistema integrado de gesti\u00f3n HSEQ, y<\/li>\n\n\n\n<li>Buscar la sostenibilidad de\u00a0la\u00a0organizaci\u00f3n.<\/li>\n<\/ul>\n\n\n\n<h3 class=\"wp-block-heading has-text-align-center\" style=\"font-size:24px;font-style:normal;font-weight:600;text-transform:uppercase\">VALORES Y PRINCIPIOS<\/h3>\n\n\n\n<hr class=\"wp-block-separator has-alpha-channel-opacity is-style-dots\"\/>\n\n\n\n<div class=\"wp-block-columns is-layout-flex wp-container-core-columns-is-layout-9d6595d7 wp-block-columns-is-layout-flex\">\n<div class=\"wp-block-column is-layout-flow wp-block-column-is-layout-flow\">\n<h3 class=\"wp-block-heading alignwide has-text-align-center\" id=\"we-re-a-studio-in-berlin-with-an-international-practice-in-architecture-urban-planning-and-interior-design-we-believe-in-sharing-knowledge-and-promoting-dialogue-to-increase-the-creative-potential-of-collaboration\" style=\"font-size:22px;line-height:1.1;text-transform:uppercase\">EXPERIENCIA<\/h3>\n\n\n\n<p><p style=\"text-align: justify;\"><strong>Calidad:<\/strong> La excelente calidad de nuestras obras y servicios, junto a la completa satisfacci\u00f3n de nuestros clientes, constituyen la prioridad para todo el equipo de trabajo de la compa\u00f1\u00eda.<\/p><\/p>\n\n\n\n<p><p style=\"text-align: justify;\"><strong>Cumplimiento:<\/strong> Nuestra gesti\u00f3n est\u00e1 enfocada a satisfacer y cumplir los requisitos y compromisos adquiridos con clientes, trabajadores, contratistas, proveedores, entidades gubernamentales y comunidades involucradas o interesadas en la ejecuci\u00f3n de las obras.<\/p><\/p>\n<\/div>\n\n\n\n<div class=\"wp-block-column is-layout-flow wp-block-column-is-layout-flow\">\n<h3 class=\"wp-block-heading alignwide has-text-align-center\" id=\"we-re-a-studio-in-berlin-with-an-international-practice-in-architecture-urban-planning-and-interior-design-we-believe-in-sharing-knowledge-and-promoting-dialogue-to-increase-the-creative-potential-of-collaboration\" style=\"font-size:22px;line-height:1.1\">PROFESIONALISMO<\/h3>\n\n\n\n<p><p style=\"text-align: justify;\"><strong>Trabajo en Equipo:<\/strong> El \u00e9xito de nuestras operaciones se basa en el trabajo en equipo. El respeto, la colaboraci\u00f3n, la honestidad, el compromiso y la \u00e9tica profesional, generan en nuestro equipo de trabajo el mejor ambiente laboral.<\/p><\/p>\n\n\n\n<p><p style=\"text-align: justify;\"><strong>Equidad y Transparencia:<\/strong> Nuestra compa\u00f1\u00eda mantiene las mejores relaciones comerciales y sociales con todas las partes que intervienen en el desarrollo de nuestras obras, dentro de un marco de equidad, transparencia y cumplimiento en los negocios.<\/p><\/p>\n\n\n\n<p><p style=\"text-align: justify;\"><strong>Marco Legal:<\/strong> Las labores que desarrollamos en la compa\u00f1\u00eda, en materia laboral, de seguridad y salud ocupacional, medio ambiente y calidad, son realizadas bajo lo establecido en la legislaci\u00f3n colombiana.<\/p><\/p>\n<\/div>\n\n\n\n<div class=\"wp-block-column is-layout-flow wp-block-column-is-layout-flow\">\n<h3 class=\"wp-block-heading alignwide has-text-align-center\" id=\"we-re-a-studio-in-berlin-with-an-international-practice-in-architecture-urban-planning-and-interior-design-we-believe-in-sharing-knowledge-and-promoting-dialogue-to-increase-the-creative-potential-of-collaboration\" style=\"font-size:22px;line-height:1.1\">CERCAN\u00cdA<\/h3>\n\n\n\n<p><p style=\"text-align: justify;\"><strong>Bienestar Integral:<\/strong> Nuestro personal y dem\u00e1s colaboradores son el principal soporte, por lo tanto su bienestar social y laboral es prioridad de la compa\u00f1\u00eda.<\/p><\/p>\n\n\n\n<p><p style=\"text-align: justify;\"><strong>Conciencia Ambiental:<\/strong> Todas las operaciones que desarrollamos son efectuadas bajo los principios \u201cprevenci\u00f3n de la contaminaci\u00f3n y conservaci\u00f3n del medio ambiente\u201d.<\/p><\/p>\n\n\n\n<p><p style=\"text-align: justify;\"><strong>Contribuci\u00f3n Social:<\/strong> La gerencia tiene como objetivo dentro de sus proyectos, realizar aportes en el desarrollo civil y social de las comunidades, siempre y cuando est\u00e9n al alcance y sean previamente acordados con nuestros clientes.<\/p><\/p>\n<\/div>\n<\/div>\n","protected":false},"excerpt":{"rendered":"<p>PUENTES Y CARRETERAS, dedicada a la construcci\u00f3n y mantenimiento de obras civiles, es responsable y est\u00e1 comprometida desde su direcci\u00f3n, y con su equipo de trabajo incluidos trabajadores y subcontratistas a: Para ello se suministrar\u00e1n los recursos f\u00edsicos, humanos y econ\u00f3micos necesarios, que permitan dar cubrimiento a todas las partes interesadas, para: VALORES Y PRINCIPIOS<\/p>\n<p><a href=\"https:\/\/puentesycarreteras.com\/index.php\/politica-hseq\/\" class=\"more-link themebutton\">Leer m\u00e1s<\/a><\/p>\n","protected":false},"author":1,"featured_media":0,"parent":0,"menu_order":0,"comment_status":"closed","ping_status":"closed","template":"","meta":{"footnotes":""},"class_list":["post-111","page","type-page","status-publish","hentry"],"_links":{"self":[{"href":"https:\/\/puentesycarreteras.com\/index.php\/wp-json\/wp\/v2\/pages\/111","targetHints":{"allow":["GET"]}}],"collection":[{"href":"https:\/\/puentesycarreteras.com\/index.php\/wp-json\/wp\/v2\/pages"}],"about":[{"href":"https:\/\/puentesycarreteras.com\/index.php\/wp-json\/wp\/v2\/types\/page"}],"author":[{"embeddable":true,"href":"https:\/\/puentesycarreteras.com\/index.php\/wp-json\/wp\/v2\/users\/1"}],"replies":[{"embeddable":true,"href":"https:\/\/puentesycarreteras.com\/index.php\/wp-json\/wp\/v2\/comments?post=111"}],"version-history":[{"count":78,"href":"https:\/\/puentesycarreteras.com\/index.php\/wp-json\/wp\/v2\/pages\/111\/revisions"}],"predecessor-version":[{"id":966,"href":"https:\/\/puentesycarreteras.com\/index.php\/wp-json\/wp\/v2\/pages\/111\/revisions\/966"}],"wp:attachment":[{"href":"https:\/\/puentesycarreteras.com\/index.php\/wp-json\/wp\/v2\/media?parent=111"}],"curies":[{"name":"wp","href":"https:\/\/api.w.org\/{rel}","templated":true}]}}