{"id":81,"date":"2023-10-17T14:45:43","date_gmt":"2023-10-17T19:45:43","guid":{"rendered":"http:\/\/192.168.10.9\/?page_id=81"},"modified":"2024-10-03T12:16:25","modified_gmt":"2024-10-03T17:16:25","slug":"quienes-somos","status":"publish","type":"page","link":"https:\/\/puentesycarreteras.com\/index.php\/quienes-somos\/","title":{"rendered":"Quienes Somos"},"content":{"rendered":"\n<div class=\"wp-block-group\"><div class=\"wp-block-group__inner-container is-layout-constrained wp-block-group-is-layout-constrained\">\n<hr class=\"wp-block-separator has-alpha-channel-opacity is-style-wide\"\/>\n<\/div><\/div>\n\n\n\n<div class=\"wp-block-columns is-layout-flex wp-container-core-columns-is-layout-9d6595d7 wp-block-columns-is-layout-flex\">\n<div class=\"wp-block-column is-layout-flow wp-block-column-is-layout-flow\">\n<h2><strong>PUENTES Y CARRETERAS<\/strong><\/h2>\n<p style=\"text-align: justify;\">Somos una empresa dedicada a la construcci\u00f3n de obras de ingenier\u00eda civil en infraestructura petrolera, con 42 a\u00f1os de experiencia, reconocida en la industria por ofrecer altos est\u00e1ndares de calidad, profesionalismo, soluciones y cumplimiento para el \u00e9xito de los proyectos, aportando valor a nuestros clientes y las comunidades.<\/p>\n<\/div>\n\n\n\n<div class=\"wp-block-column is-layout-flow wp-block-column-is-layout-flow\">\n<figure data-wp-context=\"{&quot;imageId&quot;:&quot;69d9861923427&quot;}\" data-wp-interactive=\"core\/image\" data-wp-key=\"69d9861923427\" class=\"wp-block-image size-full wp-lightbox-container\"><img loading=\"lazy\" decoding=\"async\" width=\"3072\" height=\"2304\" data-wp-class--hide=\"state.isContentHidden\" data-wp-class--show=\"state.isContentVisible\" data-wp-init=\"callbacks.setButtonStyles\" data-wp-on--click=\"actions.showLightbox\" data-wp-on--load=\"callbacks.setButtonStyles\" data-wp-on-window--resize=\"callbacks.setButtonStyles\" src=\"https:\/\/puentesycarreteras.com\/wp-content\/uploads\/2023\/10\/us.jpg\" alt=\"\" class=\"wp-image-82\" style=\"aspect-ratio:16\/9;object-fit:contain\"\/><button\n\t\t\tclass=\"lightbox-trigger\"\n\t\t\ttype=\"button\"\n\t\t\taria-haspopup=\"dialog\"\n\t\t\taria-label=\"Agrandar\"\n\t\t\tdata-wp-init=\"callbacks.initTriggerButton\"\n\t\t\tdata-wp-on--click=\"actions.showLightbox\"\n\t\t\tdata-wp-style--right=\"state.imageButtonRight\"\n\t\t\tdata-wp-style--top=\"state.imageButtonTop\"\n\t\t>\n\t\t\t<svg xmlns=\"http:\/\/www.w3.org\/2000\/svg\" width=\"12\" height=\"12\" fill=\"none\" viewBox=\"0 0 12 12\">\n\t\t\t\t<path fill=\"#fff\" d=\"M2 0a2 2 0 0 0-2 2v2h1.5V2a.5.5 0 0 1 .5-.5h2V0H2Zm2 10.5H2a.5.5 0 0 1-.5-.5V8H0v2a2 2 0 0 0 2 2h2v-1.5ZM8 12v-1.5h2a.5.5 0 0 0 .5-.5V8H12v2a2 2 0 0 1-2 2H8Zm2-12a2 2 0 0 1 2 2v2h-1.5V2a.5.5 0 0 0-.5-.5H8V0h2Z\" \/>\n\t\t\t<\/svg>\n\t\t<\/button><\/figure>\n<\/div>\n<\/div>\n\n\n\n<div class=\"wp-block-columns is-layout-flex wp-container-core-columns-is-layout-9d6595d7 wp-block-columns-is-layout-flex\">\n<div class=\"wp-block-column is-layout-flow wp-block-column-is-layout-flow\">\n<hr class=\"wp-block-separator has-alpha-channel-opacity\"\/>\n\n\n\n<p class=\"has-text-align-center\">MISI\u00d3N<\/p>\n\n\n\n<p style=\"text-align: justify;\">Construcci\u00f3n de obras civiles de excelente calidad orientadas a satisfacer los requisitos del cliente y dem\u00e1s partes interesadas, buscando el crecimiento empresarial y la sostenibilidad a trav\u00e9s de sus procesos.<\/p>\n<\/div>\n\n\n\n<div class=\"wp-block-column is-layout-flow wp-block-column-is-layout-flow\">\n<hr class=\"wp-block-separator has-alpha-channel-opacity\"\/>\n\n\n\n<p class=\"has-text-align-center\">VISI\u00d3N<\/p>\n\n\n\n<p style=\"text-align: justify;\">Con base en la calidad y cumplimiento de nuestras obras civiles y el excelente desempe\u00f1o de nuestro sistema de gesti\u00f3n en seguridad, salud en el trabajo, medio ambiente y calidad, esperamos en el a\u00f1o 2026 lograr la fidelizaci\u00f3n de nuestros clientes, as\u00ed como la consecuci\u00f3n de nuevos negocios en busca de la sostenibilidad de la empresa.<\/p>\n<\/div>\n<\/div>\n\n\n\n<figure class=\"wp-block-embed is-type-video is-provider-youtube wp-block-embed-youtube wp-embed-aspect-4-3 wp-has-aspect-ratio\"><div class=\"wp-block-embed__wrapper\">\n<iframe loading=\"lazy\" title=\"Puentes y Carreteras SAS Bogot\u00e1\" width=\"1170\" height=\"878\" src=\"https:\/\/www.youtube.com\/embed\/TyK14MSSdwg?feature=oembed\" frameborder=\"0\" allow=\"accelerometer; autoplay; clipboard-write; encrypted-media; gyroscope; picture-in-picture; web-share\" referrerpolicy=\"strict-origin-when-cross-origin\" allowfullscreen><\/iframe>\n<\/div><\/figure>\n\n\n\n<div class=\"wp-block-cover alignfull\" style=\"margin-top:0;padding-top:5vw;padding-right:5vw;padding-bottom:5vw;padding-left:5vw;min-height:175px;aspect-ratio:unset;\"><span aria-hidden=\"true\" class=\"wp-block-cover__background has-background-dim-90 has-background-dim\" style=\"background-color:#141414\"><\/span><img loading=\"lazy\" decoding=\"async\" width=\"1280\" height=\"960\" class=\"wp-block-cover__image-background wp-image-530\" alt=\"\" src=\"https:\/\/puentesycarreteras.com\/wp-content\/uploads\/2024\/02\/senalizacionViaViaBloqueCuerva-1.jpg\" data-object-fit=\"cover\"\/><div class=\"wp-block-cover__inner-container is-layout-flow wp-block-cover-is-layout-flow\">\n<div class=\"wp-block-group alignwide wp-container-content-9cfa9a5a is-vertical is-content-justification-center is-nowrap is-layout-flex wp-container-core-group-is-layout-dbfe2e5c wp-block-group-is-layout-flex\">\n<p class=\"has-text-align-center has-text-color\" style=\"color:#d8a557;font-size:35px;font-style:italic;font-weight:900;letter-spacing:-4px;line-height:0.8;text-transform:none\"><h2 class=\"has-text-align-center has-text-color has-source-serif-pro-font-family\" style=\"color:#d8a557;font-size:35px;font-style:italic;font-weight:900;letter-spacing:-4px;line-height:0.8;text-transform:none\">Brochure Puentes y Carreteras<\/h2><\/p>\n<\/div>\n<\/div><\/div>\n\n\n\n<div data-wp-interactive=\"core\/file\" class=\"wp-block-file\"><object data-wp-bind--hidden=\"!state.hasPdfPreview\" hidden class=\"wp-block-file__embed\" data=\"https:\/\/puentesycarreteras.com\/wp-content\/uploads\/2024\/08\/BROCHUREPYC2024.pdf\" type=\"application\/pdf\" style=\"width:100%;height:600px\" aria-label=\"Incrustado de BROCHUREPYC2024.\"><\/object><a id=\"wp-block-file--media-aceadd9c-2edf-4efd-975f-103e89b4074e\" href=\"https:\/\/puentesycarreteras.com\/wp-content\/uploads\/2024\/08\/BROCHUREPYC2024.pdf\">BROCHUREPYC2024<\/a><a href=\"https:\/\/puentesycarreteras.com\/wp-content\/uploads\/2024\/08\/BROCHUREPYC2024.pdf\" class=\"wp-block-file__button wp-element-button\" download aria-describedby=\"wp-block-file--media-aceadd9c-2edf-4efd-975f-103e89b4074e\">Descargar<\/a><\/div>\n","protected":false},"excerpt":{"rendered":"<p>PUENTES Y CARRETERAS Somos una empresa dedicada a la construcci\u00f3n de obras de ingenier\u00eda civil en infraestructura petrolera, con 42 a\u00f1os de experiencia, reconocida en la industria por ofrecer altos est\u00e1ndares de calidad, profesionalismo, soluciones y cumplimiento para el \u00e9xito de los proyectos, aportando valor a nuestros clientes y las comunidades. MISI\u00d3N Construcci\u00f3n de obras<\/p>\n<p><a href=\"https:\/\/puentesycarreteras.com\/index.php\/quienes-somos\/\" class=\"more-link themebutton\">Leer m\u00e1s<\/a><\/p>\n","protected":false},"author":1,"featured_media":0,"parent":0,"menu_order":0,"comment_status":"closed","ping_status":"closed","template":"","meta":{"footnotes":""},"class_list":["post-81","page","type-page","status-publish","hentry"],"_links":{"self":[{"href":"https:\/\/puentesycarreteras.com\/index.php\/wp-json\/wp\/v2\/pages\/81","targetHints":{"allow":["GET"]}}],"collection":[{"href":"https:\/\/puentesycarreteras.com\/index.php\/wp-json\/wp\/v2\/pages"}],"about":[{"href":"https:\/\/puentesycarreteras.com\/index.php\/wp-json\/wp\/v2\/types\/page"}],"author":[{"embeddable":true,"href":"https:\/\/puentesycarreteras.com\/index.php\/wp-json\/wp\/v2\/users\/1"}],"replies":[{"embeddable":true,"href":"https:\/\/puentesycarreteras.com\/index.php\/wp-json\/wp\/v2\/comments?post=81"}],"version-history":[{"count":30,"href":"https:\/\/puentesycarreteras.com\/index.php\/wp-json\/wp\/v2\/pages\/81\/revisions"}],"predecessor-version":[{"id":1015,"href":"https:\/\/puentesycarreteras.com\/index.php\/wp-json\/wp\/v2\/pages\/81\/revisions\/1015"}],"wp:attachment":[{"href":"https:\/\/puentesycarreteras.com\/index.php\/wp-json\/wp\/v2\/media?parent=81"}],"curies":[{"name":"wp","href":"https:\/\/api.w.org\/{rel}","templated":true}]}}